{"id":50,"date":"2020-11-10T21:09:00","date_gmt":"2020-11-10T20:09:00","guid":{"rendered":"https:\/\/sweet-lab.hr\/?page_id=50"},"modified":"2025-02-11T18:40:17","modified_gmt":"2025-02-11T17:40:17","slug":"radionice","status":"publish","type":"page","link":"https:\/\/sweet-lab.hr\/en\/radionice\/","title":{"rendered":"Workshops"},"content":{"rendered":"<div id=\"pl-50\"  class=\"panel-layout\" ><div id=\"pg-50-0\"  class=\"panel-grid panel-no-style\" ><div id=\"pgc-50-0-0\"  class=\"panel-grid-cell\" ><div id=\"panel-50-0-0-0\" class=\"so-panel widget widget_sow-editor panel-first-child panel-last-child\" data-index=\"0\" ><div\n\t\t\t\n\t\t\tclass=\"so-widget-sow-editor so-widget-sow-editor-base\"\n\t\t\t\n\t\t>\n<div class=\"siteorigin-widget-tinymce textwidget\">\n\t<h3 style=\"text-align: center;\"><\/h3>\n<p>&nbsp;<\/p>\n<hr \/>\n<p>&nbsp;<\/p>\n<\/div>\n<\/div><\/div><\/div><\/div><div id=\"pg-50-1\"  class=\"panel-grid panel-no-style\" ><div id=\"pgc-50-1-0\"  class=\"panel-grid-cell\" ><div id=\"panel-50-1-0-0\" class=\"so-panel widget widget_text panel-first-child panel-last-child\" data-index=\"1\" ><h3 class=\"widget-title\">Hvala vam na svim slatkim trenucima!<\/h3>\t\t\t<div class=\"textwidget\"><p><strong>Drage na\u0161e polaznice i dragi na\u0161i polaznici,<\/strong><\/p>\n<p>\u017eelimo vas obavijestiti da je za nas vrijeme da okrenemo novu stranicu i zato vam \u017eelimo re\u0107i&#8230;Hvala vam za sve ove godine koje smo proveli zajedno u najsla\u0111em edukacijskom centru Sweet Lab. Svaka radionica bila je puna smijeha, zabave, ali kada je trebalo slu\u0161ati upute i paziti na korake pri stvaranju slastica &#8211; ozbiljnost je bila na prvom mjestu. \ud83d\ude42 Hvala vam \u0161to smo uz vas i mi nau\u010dili puno novih stvari i \u0161to smo svi zajedno tvorili jednu predivnu, slatku zajednicu. Hvala vam \u0161to ste s nama dijelili svoju strast, kreativnost i energiju. Iako se na\u0161i putevi sada razdvajaju, nadamo se da \u0107e svi slatki trenuci iz Sweet Laba ostati s vama zauvijek.<\/p>\n<p><em><strong>Za nas je vrijeme da se okrenemo nekim novim izazovima, ali \u017eelimo da nastavite stvarati, eksperimentirati i u\u017eivati u slasticama \u2013 jer ljubav prema slatkom nikada ne prestaje!<\/strong><\/em><\/p>\n<p>S ljubavlju,<br \/>\n<strong>Sweet Lab tim<\/strong><\/p>\n<\/div>\n\t\t<\/div><\/div><\/div><div id=\"pg-50-2\"  class=\"panel-grid panel-has-style\" ><div id=\"sop-tecaj\" class=\"panel-row-style panel-row-style-for-50-2\" ><div id=\"pgc-50-2-0\"  class=\"panel-grid-cell\" ><div id=\"panel-50-2-0-0\" class=\"so-panel widget widget_sow-editor panel-first-child panel-last-child\" data-index=\"2\" ><div\n\t\t\t\n\t\t\tclass=\"so-widget-sow-editor so-widget-sow-editor-base\"\n\t\t\t\n\t\t>\n<div class=\"siteorigin-widget-tinymce textwidget\">\n\t<h2 style=\"font-weight: 400;\"><strong>Organizacija individualnih te\u010dajeva Standardnih operativnih procedura (SOP -a)<\/strong><\/h2>\n<p style=\"font-weight: 400;\"><strong><u>Edukacija o izradi Standardnih operativnih procedura za:<\/u><\/strong><\/p>\n<ul>\n<li>Recepciju<\/li>\n<li>Restoran i bar<\/li>\n<li>Doma\u0107instvo<\/li>\n<\/ul>\n<p style=\"font-weight: 400;\"><em>Svaki od navedenih te\u010dajeva traje 7 dana, a termini odr\u017eavanja su po dogovoru.<\/em><\/p>\n<p style=\"font-weight: 400;\">Cijena te\u010daja iznosi <strong>1.700 \u20ac + PDV<\/strong> po te\u010daju.<\/p>\n\n\t\t<style type=\"text\/css\">\n\t\t\t#gallery-1 {\n\t\t\t\tmargin: auto;\n\t\t\t}\n\t\t\t#gallery-1 .gallery-item {\n\t\t\t\tfloat: left;\n\t\t\t\tmargin-top: 10px;\n\t\t\t\ttext-align: center;\n\t\t\t\twidth: 33%;\n\t\t\t}\n\t\t\t#gallery-1 img {\n\t\t\t\tborder: 2px solid #cfcfcf;\n\t\t\t}\n\t\t\t#gallery-1 .gallery-caption {\n\t\t\t\tmargin-left: 0;\n\t\t\t}\n\t\t\t\/* see gallery_shortcode() in wp-includes\/media.php *\/\n\t\t<\/style>\n\t\t<div id='gallery-1' class='gallery galleryid-50 gallery-columns-3 gallery-size-medium'><dl class='gallery-item'>\n\t\t\t<dt class='gallery-icon landscape'>\n\t\t\t\t<img loading=\"lazy\" decoding=\"async\" width=\"300\" height=\"300\" src=\"https:\/\/sweet-lab.hr\/wp-content\/uploads\/2023\/10\/3-300x300.png\" class=\"attachment-medium size-medium\" alt=\"Organizacija individualnih te\u010dajeva Standardnih operativnih procedura - recepcija\" aria-describedby=\"gallery-1-909\" srcset=\"https:\/\/sweet-lab.hr\/wp-content\/uploads\/2023\/10\/3-300x300.png 300w, https:\/\/sweet-lab.hr\/wp-content\/uploads\/2023\/10\/3-1024x1024.png 1024w, https:\/\/sweet-lab.hr\/wp-content\/uploads\/2023\/10\/3-150x150.png 150w, https:\/\/sweet-lab.hr\/wp-content\/uploads\/2023\/10\/3-768x768.png 768w, https:\/\/sweet-lab.hr\/wp-content\/uploads\/2023\/10\/3-12x12.png 12w, https:\/\/sweet-lab.hr\/wp-content\/uploads\/2023\/10\/3.png 1080w\" sizes=\"auto, (max-width: 300px) 100vw, 300px\" \/>\n\t\t\t<\/dt>\n\t\t\t\t<dd class='wp-caption-text gallery-caption' id='gallery-1-909'>\n\t\t\t\tRecepcija\n\t\t\t\t<\/dd><\/dl><dl class='gallery-item'>\n\t\t\t<dt class='gallery-icon landscape'>\n\t\t\t\t<img loading=\"lazy\" decoding=\"async\" width=\"300\" height=\"300\" src=\"https:\/\/sweet-lab.hr\/wp-content\/uploads\/2023\/10\/4-300x300.png\" class=\"attachment-medium size-medium\" alt=\"Organizacija individualnih te\u010dajeva Standardnih operativnih procedura - restorani i barovi\" aria-describedby=\"gallery-1-910\" srcset=\"https:\/\/sweet-lab.hr\/wp-content\/uploads\/2023\/10\/4-300x300.png 300w, https:\/\/sweet-lab.hr\/wp-content\/uploads\/2023\/10\/4-1024x1024.png 1024w, https:\/\/sweet-lab.hr\/wp-content\/uploads\/2023\/10\/4-150x150.png 150w, https:\/\/sweet-lab.hr\/wp-content\/uploads\/2023\/10\/4-768x768.png 768w, https:\/\/sweet-lab.hr\/wp-content\/uploads\/2023\/10\/4-12x12.png 12w, https:\/\/sweet-lab.hr\/wp-content\/uploads\/2023\/10\/4.png 1080w\" sizes=\"auto, (max-width: 300px) 100vw, 300px\" \/>\n\t\t\t<\/dt>\n\t\t\t\t<dd class='wp-caption-text gallery-caption' id='gallery-1-910'>\n\t\t\t\tRestorani i barovi\n\t\t\t\t<\/dd><\/dl><dl class='gallery-item'>\n\t\t\t<dt class='gallery-icon landscape'>\n\t\t\t\t<img loading=\"lazy\" decoding=\"async\" width=\"300\" height=\"300\" src=\"https:\/\/sweet-lab.hr\/wp-content\/uploads\/2023\/10\/5-300x300.png\" class=\"attachment-medium size-medium\" alt=\"Organizacija individualnih te\u010dajeva Standardnih operativnih procedura - doma\u0107instvo\" aria-describedby=\"gallery-1-911\" srcset=\"https:\/\/sweet-lab.hr\/wp-content\/uploads\/2023\/10\/5-300x300.png 300w, https:\/\/sweet-lab.hr\/wp-content\/uploads\/2023\/10\/5-1024x1024.png 1024w, https:\/\/sweet-lab.hr\/wp-content\/uploads\/2023\/10\/5-150x150.png 150w, https:\/\/sweet-lab.hr\/wp-content\/uploads\/2023\/10\/5-768x768.png 768w, https:\/\/sweet-lab.hr\/wp-content\/uploads\/2023\/10\/5-12x12.png 12w, https:\/\/sweet-lab.hr\/wp-content\/uploads\/2023\/10\/5.png 1080w\" sizes=\"auto, (max-width: 300px) 100vw, 300px\" \/>\n\t\t\t<\/dt>\n\t\t\t\t<dd class='wp-caption-text gallery-caption' id='gallery-1-911'>\n\t\t\t\tDoma\u0107instvo\n\t\t\t\t<\/dd><\/dl><br style=\"clear: both\" \/>\n\t\t<\/div>\n\n<\/div>\n<\/div><\/div><\/div><\/div><\/div><div id=\"pg-50-3\"  class=\"panel-grid panel-no-style\" ><div id=\"pgc-50-3-0\"  class=\"panel-grid-cell panel-grid-cell-empty panel-grid-cell-mobile-last\" ><\/div><div id=\"pgc-50-3-1\"  class=\"panel-grid-cell panel-grid-cell-empty\" ><\/div><\/div><div id=\"pg-50-4\"  class=\"panel-grid panel-no-style\" ><div id=\"pgc-50-4-0\"  class=\"panel-grid-cell panel-grid-cell-empty panel-grid-cell-mobile-last\" ><\/div><div id=\"pgc-50-4-1\"  class=\"panel-grid-cell panel-grid-cell-empty\" ><\/div><\/div><div id=\"pg-50-5\"  class=\"panel-grid panel-no-style\" ><div id=\"pgc-50-5-0\"  class=\"panel-grid-cell panel-grid-cell-empty panel-grid-cell-mobile-last\" ><\/div><div id=\"pgc-50-5-1\"  class=\"panel-grid-cell panel-grid-cell-empty\" ><\/div><\/div><div id=\"pg-50-6\"  class=\"panel-grid panel-no-style\" ><div id=\"pgc-50-6-0\"  class=\"panel-grid-cell panel-grid-cell-empty panel-grid-cell-mobile-last\" ><\/div><div id=\"pgc-50-6-1\"  class=\"panel-grid-cell panel-grid-cell-empty\" ><\/div><\/div><div id=\"pg-50-7\"  class=\"panel-grid panel-no-style\" ><div id=\"pgc-50-7-0\"  class=\"panel-grid-cell panel-grid-cell-empty panel-grid-cell-mobile-last\" ><\/div><div id=\"pgc-50-7-1\"  class=\"panel-grid-cell panel-grid-cell-empty\" ><\/div><\/div><div id=\"pg-50-8\"  class=\"panel-grid panel-no-style\" ><div id=\"pgc-50-8-0\"  class=\"panel-grid-cell panel-grid-cell-empty panel-grid-cell-mobile-last\" ><\/div><div id=\"pgc-50-8-1\"  class=\"panel-grid-cell panel-grid-cell-empty\" ><\/div><\/div><div id=\"pg-50-9\"  class=\"panel-grid panel-no-style\" ><div id=\"pgc-50-9-0\"  class=\"panel-grid-cell\" ><div id=\"panel-50-9-0-0\" class=\"so-panel widget widget_sow-editor panel-first-child panel-last-child\" data-index=\"3\" ><div class=\"panel-widget-style panel-widget-style-for-50-9-0-0\" ><div\n\t\t\t\n\t\t\tclass=\"so-widget-sow-editor so-widget-sow-editor-base\"\n\t\t\t\n\t\t>\n<div class=\"siteorigin-widget-tinymce textwidget\">\n\t<\/div>\n<\/div><\/div><\/div><\/div><div id=\"pgc-50-9-1\"  class=\"panel-grid-cell\" ><div id=\"panel-50-9-1-0\" class=\"so-panel widget widget_sow-editor panel-first-child panel-last-child\" data-index=\"4\" ><div class=\"panel-widget-style panel-widget-style-for-50-9-1-0\" ><div\n\t\t\t\n\t\t\tclass=\"so-widget-sow-editor so-widget-sow-editor-base\"\n\t\t\t\n\t\t>\n<div class=\"siteorigin-widget-tinymce textwidget\">\n\t<\/div>\n<\/div><\/div><\/div><\/div><\/div><div id=\"pg-50-10\"  class=\"panel-grid panel-no-style\" ><div id=\"pgc-50-10-0\"  class=\"panel-grid-cell\" ><div id=\"panel-50-10-0-0\" class=\"so-panel widget widget_sow-editor panel-first-child panel-last-child\" data-index=\"5\" ><div\n\t\t\t\n\t\t\tclass=\"so-widget-sow-editor so-widget-sow-editor-base\"\n\t\t\t\n\t\t>\n<div class=\"siteorigin-widget-tinymce textwidget\">\n\t<hr \/>\n<p style=\"text-align: center;\"><a href=\"https:\/\/sweet-lab.hr\/en\/rezervacije-i-placanje\/\" target=\"_blank\" rel=\"noopener\">-Rezervacije-i-placanje-<\/a><\/p>\n<\/div>\n<\/div><\/div><\/div><\/div><div id=\"pg-50-11\"  class=\"panel-grid panel-no-style\" ><div id=\"pgc-50-11-0\"  class=\"panel-grid-cell\" ><div id=\"panel-50-11-0-0\" class=\"so-panel widget widget_sow-editor panel-first-child panel-last-child\" data-index=\"6\" ><div\n\t\t\t\n\t\t\tclass=\"so-widget-sow-editor so-widget-sow-editor-base\"\n\t\t\t\n\t\t>\n<div class=\"siteorigin-widget-tinymce textwidget\">\n\t<p>&nbsp;<\/p>\n<hr \/>\n<p>&nbsp;<\/p>\n<\/div>\n<\/div><\/div><\/div><\/div><div id=\"pg-50-12\"  class=\"panel-grid panel-no-style\" ><div id=\"pgc-50-12-0\"  class=\"panel-grid-cell\" ><div id=\"panel-50-12-0-0\" class=\"so-panel widget widget_sow-editor panel-first-child panel-last-child\" data-index=\"7\" ><div\n\t\t\t\n\t\t\tclass=\"so-widget-sow-editor so-widget-sow-editor-base\"\n\t\t\t\n\t\t><h3 class=\"widget-title\">Types of workshops<\/h3>\n<div class=\"siteorigin-widget-tinymce textwidget\">\n\t<ul>\n<li>Confectionery workshops for beginners<\/li>\n<li>Confectionery workshops for people with basic knowledge<\/li>\n<li>Confectionery workshops for the advanced<\/li>\n<li>Dessert decorating workshops<\/li>\n<li>Cake making workshops<\/li>\n<li>Workshops for making special holiday desserts<\/li>\n<li>Workshops for making healthy desserts<\/li>\n<li>Workshops for making exotic desserts<\/li>\n<li>Workshops for young mothers<\/li>\n<li>Workshops for professional confectioners<\/li>\n<li>Radionica za profesionalne kuhare<\/li>\n<li>Salty dessert workshops<\/li>\n<li>Modern dessert workshops<\/li>\n<li>Workshops for making special types of desserts<\/li>\n<li>Diabetics<\/li>\n<li>People with gluten intolerance<\/li>\n<li>People with lactose intolerance<\/li>\n<li>Athletes<\/li>\n<li>Desserts according to Kosher and Halal standards<\/li>\n<li>International dessert workshops with a visit from a foreign pastry chef<br \/>\n<hr \/>\n<\/li>\n<\/ul>\n<p><strong>&nbsp;&nbsp;&nbsp;&nbsp;&nbsp;&nbsp;&nbsp;&nbsp; &nbsp;EXTRA<\/strong>:<\/p>\n<ul>\n<li>Cooking workshops with a guest top chef.<\/li>\n<\/ul>\n<p>&nbsp;<\/p>\n<\/div>\n<\/div><\/div><\/div><\/div><div id=\"pg-50-13\"  class=\"panel-grid panel-no-style\" ><div id=\"pgc-50-13-0\"  class=\"panel-grid-cell\" ><div id=\"panel-50-13-0-0\" class=\"so-panel widget widget_sow-editor panel-first-child panel-last-child\" data-index=\"8\" ><div\n\t\t\t\n\t\t\tclass=\"so-widget-sow-editor so-widget-sow-editor-base\"\n\t\t\t\n\t\t>\n<div class=\"siteorigin-widget-tinymce textwidget\">\n\t<p>&nbsp;<\/p>\n<hr \/>\n<p style=\"text-align: center;\"><strong>INFORMATION AND APPLICATIONS:<\/strong><\/p>\n<p style=\"text-align: center;\">WWW. Sweet-lab.hr<\/p>\n<p style=\"text-align: center;\">Mail: <a href=\"mailto:info@sweet-lab.hr\">info@sweet-lab.hr<\/a><\/p>\n<p style=\"text-align: center;\">Tel: 098\/ 99 49 423<\/p>\n<p style=\"text-align: center;\">Follow us on Instagram and Facebook<\/p>\n<p style=\"text-align: center;\">&nbsp;<\/p>\n<\/div>\n<\/div><\/div><\/div><\/div><div id=\"pg-50-14\"  class=\"panel-grid panel-no-style\" ><div id=\"pgc-50-14-0\"  class=\"panel-grid-cell\" ><div id=\"panel-50-14-0-0\" class=\"so-panel widget widget_sow-editor panel-first-child panel-last-child\" data-index=\"9\" ><div\n\t\t\t\n\t\t\tclass=\"so-widget-sow-editor so-widget-sow-editor-base\"\n\t\t\t\n\t\t>\n<div class=\"siteorigin-widget-tinymce textwidget\">\n\tngg_shortcode_0_placeholder\n<hr \/>\n<p>&nbsp;<\/p>\n<\/div>\n<\/div><\/div><\/div><\/div><\/div>","protected":false},"excerpt":{"rendered":"<p>&nbsp; &nbsp; Drage na\u0161e polaznice i dragi na\u0161i polaznici, \u017eelimo vas obavijestiti da je za nas vrijeme da okrenemo novu stranicu i zato vam \u017eelimo re\u0107i&#8230;Hvala vam za sve ove godine koje smo proveli zajedno u najsla\u0111em edukacijskom centru Sweet Lab. Svaka radionica bila je puna smijeha, zabave, ali kada je trebalo slu\u0161ati upute i&hellip; <br \/> <a class=\"read-more\" href=\"https:\/\/sweet-lab.hr\/en\/radionice\/\">Read more<\/a><\/p>","protected":false},"author":1,"featured_media":465,"parent":0,"menu_order":0,"comment_status":"closed","ping_status":"closed","template":"","meta":{"ngg_post_thumbnail":0,"footnotes":""},"class_list":["post-50","page","type-page","status-publish","has-post-thumbnail","hentry"],"_links":{"self":[{"href":"https:\/\/sweet-lab.hr\/en\/wp-json\/wp\/v2\/pages\/50","targetHints":{"allow":["GET"]}}],"collection":[{"href":"https:\/\/sweet-lab.hr\/en\/wp-json\/wp\/v2\/pages"}],"about":[{"href":"https:\/\/sweet-lab.hr\/en\/wp-json\/wp\/v2\/types\/page"}],"author":[{"embeddable":true,"href":"https:\/\/sweet-lab.hr\/en\/wp-json\/wp\/v2\/users\/1"}],"replies":[{"embeddable":true,"href":"https:\/\/sweet-lab.hr\/en\/wp-json\/wp\/v2\/comments?post=50"}],"version-history":[{"count":221,"href":"https:\/\/sweet-lab.hr\/en\/wp-json\/wp\/v2\/pages\/50\/revisions"}],"predecessor-version":[{"id":1279,"href":"https:\/\/sweet-lab.hr\/en\/wp-json\/wp\/v2\/pages\/50\/revisions\/1279"}],"wp:featuredmedia":[{"embeddable":true,"href":"https:\/\/sweet-lab.hr\/en\/wp-json\/wp\/v2\/media\/465"}],"wp:attachment":[{"href":"https:\/\/sweet-lab.hr\/en\/wp-json\/wp\/v2\/media?parent=50"}],"curies":[{"name":"wp","href":"https:\/\/api.w.org\/{rel}","templated":true}]}}